{"id":66,"date":"2022-10-03T15:36:41","date_gmt":"2022-10-03T15:36:41","guid":{"rendered":"https:\/\/www.bitedesign.eu\/?post_type=product&#038;p=66"},"modified":"2024-06-16T22:33:15","modified_gmt":"2024-06-16T22:33:15","slug":"toyota-celica-vi-at200-st202-dyfuzor","status":"publish","type":"product","link":"https:\/\/www.bitedesign.eu\/index.php\/produkt\/toyota-celica-vi-at200-st202-dyfuzor\/","title":{"rendered":"Toyota Celica VI AT200\/ST202 Dyfuzor"},"content":{"rendered":"","protected":false},"excerpt":{"rendered":"<p>Dyfuzor do AT200\/ST202. Wysoka jako\u015b\u0107 i wytrzyma\u0142o\u015b\u0107.<\/p>\n<p>Wykonany z aluminium.<\/p>\n<p>Produkt wyko\u0144czony w podk\u0142adzie.<\/p>\n","protected":false},"featured_media":4848,"comment_status":"closed","ping_status":"closed","template":"","meta":{"_et_pb_use_builder":"","_et_pb_old_content":"","_et_gb_content_width":""},"product_brand":[],"product_cat":[19,24],"product_tag":[],"class_list":{"0":"post-66","1":"product","2":"type-product","3":"status-publish","4":"has-post-thumbnail","6":"product_cat-celica","7":"product_cat-vi","9":"first","10":"instock","11":"taxable","12":"shipping-taxable","13":"purchasable","14":"product-type-simple"},"jetpack_sharing_enabled":true,"_links":{"self":[{"href":"https:\/\/www.bitedesign.eu\/index.php\/wp-json\/wp\/v2\/product\/66","targetHints":{"allow":["GET"]}}],"collection":[{"href":"https:\/\/www.bitedesign.eu\/index.php\/wp-json\/wp\/v2\/product"}],"about":[{"href":"https:\/\/www.bitedesign.eu\/index.php\/wp-json\/wp\/v2\/types\/product"}],"replies":[{"embeddable":true,"href":"https:\/\/www.bitedesign.eu\/index.php\/wp-json\/wp\/v2\/comments?post=66"}],"wp:featuredmedia":[{"embeddable":true,"href":"https:\/\/www.bitedesign.eu\/index.php\/wp-json\/wp\/v2\/media\/4848"}],"wp:attachment":[{"href":"https:\/\/www.bitedesign.eu\/index.php\/wp-json\/wp\/v2\/media?parent=66"}],"wp:term":[{"taxonomy":"product_brand","embeddable":true,"href":"https:\/\/www.bitedesign.eu\/index.php\/wp-json\/wp\/v2\/product_brand?post=66"},{"taxonomy":"product_cat","embeddable":true,"href":"https:\/\/www.bitedesign.eu\/index.php\/wp-json\/wp\/v2\/product_cat?post=66"},{"taxonomy":"product_tag","embeddable":true,"href":"https:\/\/www.bitedesign.eu\/index.php\/wp-json\/wp\/v2\/product_tag?post=66"}],"curies":[{"name":"wp","href":"https:\/\/api.w.org\/{rel}","templated":true}]}}