{"id":64,"date":"2022-10-03T15:31:26","date_gmt":"2022-10-03T15:31:26","guid":{"rendered":"https:\/\/www.bitedesign.eu\/?post_type=product&#038;p=64"},"modified":"2024-06-16T23:19:56","modified_gmt":"2024-06-16T23:19:56","slug":"nissan-350z-nismo-v3","status":"publish","type":"product","link":"https:\/\/www.bitedesign.eu\/index.php\/produkt\/nissan-350z-nismo-v3\/","title":{"rendered":"Spoiler Nissan 350z Nismo V3"},"content":{"rendered":"","protected":false},"excerpt":{"rendered":"<p>Produkt wykonany z wysokiej jako\u015bci materia\u0142u. Spoiler jest wype\u0142niony w 100% co wyp\u0142ywa na du\u017co wy\u017csz\u0105 wytrzyma\u0142o\u015b\u0107 i lepsz\u0105 jako\u015b\u0107<\/p>\n<p>Bardzo dobre dopasowanie do auta bez konieczno\u015bci czasoch\u0142onnych przer\u00f3bek.<\/p>\n<p>Produkt wyposa\u017cony w nierdzewne gwinty, \u015bruby i nakr\u0119tki monta\u017cowe.<\/p>\n<p>Produkt wyko\u0144czony w podk\u0142adzie.<\/p>\n","protected":false},"featured_media":5093,"comment_status":"closed","ping_status":"closed","template":"","meta":{"_et_pb_use_builder":"","_et_pb_old_content":"","_et_gb_content_width":""},"product_brand":[],"product_cat":[21],"product_tag":[],"class_list":{"0":"post-64","1":"product","2":"type-product","3":"status-publish","4":"has-post-thumbnail","6":"product_cat-350z","8":"first","9":"instock","10":"taxable","11":"shipping-taxable","12":"purchasable","13":"product-type-simple"},"jetpack_sharing_enabled":true,"_links":{"self":[{"href":"https:\/\/www.bitedesign.eu\/index.php\/wp-json\/wp\/v2\/product\/64","targetHints":{"allow":["GET"]}}],"collection":[{"href":"https:\/\/www.bitedesign.eu\/index.php\/wp-json\/wp\/v2\/product"}],"about":[{"href":"https:\/\/www.bitedesign.eu\/index.php\/wp-json\/wp\/v2\/types\/product"}],"replies":[{"embeddable":true,"href":"https:\/\/www.bitedesign.eu\/index.php\/wp-json\/wp\/v2\/comments?post=64"}],"wp:featuredmedia":[{"embeddable":true,"href":"https:\/\/www.bitedesign.eu\/index.php\/wp-json\/wp\/v2\/media\/5093"}],"wp:attachment":[{"href":"https:\/\/www.bitedesign.eu\/index.php\/wp-json\/wp\/v2\/media?parent=64"}],"wp:term":[{"taxonomy":"product_brand","embeddable":true,"href":"https:\/\/www.bitedesign.eu\/index.php\/wp-json\/wp\/v2\/product_brand?post=64"},{"taxonomy":"product_cat","embeddable":true,"href":"https:\/\/www.bitedesign.eu\/index.php\/wp-json\/wp\/v2\/product_cat?post=64"},{"taxonomy":"product_tag","embeddable":true,"href":"https:\/\/www.bitedesign.eu\/index.php\/wp-json\/wp\/v2\/product_tag?post=64"}],"curies":[{"name":"wp","href":"https:\/\/api.w.org\/{rel}","templated":true}]}}